{"id":762,"date":"2016-11-21T07:55:13","date_gmt":"2016-11-21T06:55:13","guid":{"rendered":"http:\/\/jiyeounyou.de\/?page_id=762"},"modified":"2018-01-04T17:11:30","modified_gmt":"2018-01-04T16:11:30","slug":"2016-2","status":"publish","type":"page","link":"https:\/\/jiyeounyou.de\/en\/konzerte\/2016-2\/","title":{"rendered":"2016"},"content":{"rendered":"<p><strong>16-12-2016<\/strong><br \/>\nSchwartzsche Villa, Berlin<br \/>\n<strong>Klavier Solo &amp; Duo mit Mich\u00e8le Gurdal<\/strong><br \/>\nHaydn f- moll Variationen<br \/>\nBeethoven Sonate op.111<br \/>\nSchubert Fantasie f- moll f\u00fcr Klavier zu vier H\u00e4nden<br \/>\nRavel Ma m\u00e8re l&#8217;oye<\/p>\n<hr \/>\n<div class=\"clear\"><\/div>\n<div class=\"content_main_left\"><strong><span class=\"concert_date\">11-08-2016<\/span><\/strong><br \/>\nHaus Wahhnfried, Bayreuth<\/div>\n<div class=\"content_main_left\"><a href=\"https:\/\/www.wagnermuseum.de\/events\/wahnfried-konzerte-zur-festspielzeit-2016-ji-yeoun-you-klavier\/\" target=\"_blank\" rel=\"noopener\"><strong>Piano recital &#8220;Kontraste&#8221;<\/strong><\/a><\/div>\n<div class=\"content_main_left\">Schubert Moments Musicaux Beethoven &#8220;Walstein-Sonate&#8221; Bart\u00f3k Sonate Liszt Mephisto-Waltz<\/div>\n<hr \/>\n<div class=\"clear\"><\/div>\n<div class=\"content_main_left\"><strong><span class=\"concert_date\">17-07-2016<\/span><\/strong><br \/>\nErxleben<\/div>\n<div class=\"content_main_left\"><a href=\"http:\/\/www.schlosskirche-erxleben.de\/17-juli-2016-geister\/\" target=\"_blank\" rel=\"noopener\"><strong>Piano recital &#8220;Geister&#8221;<\/strong><\/a><\/div>\n<div class=\"content_main_left\">Beethoven &#8220;Sturm-Sonate&#8221;Schubert- Liszt &#8220;Erlk\u00f6nig&#8221;Mussorgskij Eine Nacht auf dem kahlen BergeRavel Gaspard de la Nuit<\/div>\n<hr \/>\n<div class=\"clear\"><\/div>\n<div class=\"content_main_left\"><strong><span class=\"concert_date\">14-07-2016<\/span><\/strong><br \/>\nBenz, Usedom<\/div>\n<div class=\"content_main_left\"><a href=\"http:\/\/kirche-auf-usedom.de\/veranstaltungen\/konzerte\/benz\/\" target=\"_blank\" rel=\"noopener\"><strong>Piano recital &#8220;Senza Sonata&#8221;<\/strong><\/a><\/div>\n<div class=\"content_main_left\">Brahms Klavierst\u00fccke aus op.76 und op.119Schubert-Liszt LiederChopin Variationen, Bolero und Waltz<\/div>\n<hr \/>\n<div class=\"clear\"><\/div>\n<div class=\"content_main_left\"><strong><span class=\"concert_date\">19-06-2016<\/span><\/strong><br \/>\nErxleben<\/div>\n<div class=\"content_main_left\"><a href=\"http:\/\/www.schlosskirche-erxleben.de\/konzertsommer-19-juni-2016-bluetezeiten\/\" target=\"_blank\" rel=\"noopener\"><strong>Chamber Music with Christina Fassbender\/Fl\u00f6te, Matias de Oliveira Pinto\/Violoncello<\/strong><\/a><\/div>\n<div class=\"content_main_left\">Werke von Weber, Mendelssohn und Villa-Lobos<\/div>\n<hr \/>\n<p><strong><span class=\"concert_date\">16-04-2016<\/span><\/strong><br \/>\nSchloss Friedrichsfelde, Berlin<br \/>\n<a href=\"http:\/\/www.schloss-friedrichsfelde.de\/index.php?option=com_content&amp;view=article&amp;id=110&amp;Itemid=99#.Vuu7ZMeAT_V\" target=\"_blank\" rel=\"noopener\"><strong>Brahms-Abend mit Burkhard Mei\u00df<\/strong><\/a><br \/>\nBrahms Sonate f\u00fcr Viola und Klavier op.120, 1 und op.120, 2Brahms Ausz\u00fcge von Klavierst\u00fccke op.76 und op.119<\/p>\n<hr \/>\n","protected":false},"excerpt":{"rendered":"<p>16-12-2016 Schwartzsche Villa, Berlin Klavier Solo &amp; Duo mit Mich\u00e8le Gurdal Haydn f- moll Variationen Beethoven Sonate op.111 Schubert Fantasie f- moll f\u00fcr Klavier zu vier H\u00e4nden Ravel Ma m\u00e8re l&#8217;oye 11-08-2016 Haus Wahhnfried, Bayreuth Piano recital &#8220;Kontraste&#8221; Schubert Moments Musicaux Beethoven &#8220;Walstein-Sonate&#8221; Bart\u00f3k Sonate Liszt Mephisto-Waltz 17-07-2016 Erxleben Piano recital &#8220;Geister&#8221; Beethoven &#8220;Sturm-Sonate&#8221;Schubert- Liszt [&hellip;]<\/p>\n","protected":false},"author":1,"featured_media":0,"parent":45,"menu_order":0,"comment_status":"closed","ping_status":"closed","template":"","meta":{"footnotes":""},"class_list":["post-762","page","type-page","status-publish","czr-hentry"],"translation":{"provider":"WPGlobus","version":"3.0.1","language":"en","enabled_languages":["de","en"],"languages":{"de":{"title":true,"content":true,"excerpt":false},"en":{"title":false,"content":true,"excerpt":false}}},"_links":{"self":[{"href":"https:\/\/jiyeounyou.de\/en\/wp-json\/wp\/v2\/pages\/762","targetHints":{"allow":["GET"]}}],"collection":[{"href":"https:\/\/jiyeounyou.de\/en\/wp-json\/wp\/v2\/pages"}],"about":[{"href":"https:\/\/jiyeounyou.de\/en\/wp-json\/wp\/v2\/types\/page"}],"author":[{"embeddable":true,"href":"https:\/\/jiyeounyou.de\/en\/wp-json\/wp\/v2\/users\/1"}],"replies":[{"embeddable":true,"href":"https:\/\/jiyeounyou.de\/en\/wp-json\/wp\/v2\/comments?post=762"}],"version-history":[{"count":12,"href":"https:\/\/jiyeounyou.de\/en\/wp-json\/wp\/v2\/pages\/762\/revisions"}],"predecessor-version":[{"id":1569,"href":"https:\/\/jiyeounyou.de\/en\/wp-json\/wp\/v2\/pages\/762\/revisions\/1569"}],"up":[{"embeddable":true,"href":"https:\/\/jiyeounyou.de\/en\/wp-json\/wp\/v2\/pages\/45"}],"wp:attachment":[{"href":"https:\/\/jiyeounyou.de\/en\/wp-json\/wp\/v2\/media?parent=762"}],"curies":[{"name":"wp","href":"https:\/\/api.w.org\/{rel}","templated":true}]}}