{"id":53,"date":"2016-10-14T11:34:53","date_gmt":"2016-10-14T09:34:53","guid":{"rendered":"http:\/\/dev.123.mynews.de\/wordpress\/?page_id=53"},"modified":"2016-12-03T10:43:38","modified_gmt":"2016-12-03T09:43:38","slug":"repertoire","status":"publish","type":"page","link":"https:\/\/jiyeounyou.de\/en\/repertoire\/","title":{"rendered":"Repertoire"},"content":{"rendered":"<p>My Repertoire.<\/p>\n<div class=\"snvdshc\"><div class=\"synved-section-list synved-section-list-nojs synved-content-scrollable synved-sections-collapse synved-sections-collapse-always\" id=\"synved-sections-1\"><h4 class=\"section-title synved-item-odd\"><a href=\"#synved-sections-1-0\">Solo<\/a><\/h4><div class=\"synved-item-odd\"><\/p>\n<div id=\"content_main\">\n<div id=\"content_main_right\">\n<div id=\"node-4\" class=\"node clear-block\">\n<div class=\"content\">\n<p><strong>I. Albeniz, Isaac <\/strong><br \/>\nNavarra<\/p>\n<p><strong>Bach, Johan Sebastian <\/strong><br \/>\nFranz\u00f6sische Suiten BWV 816<br \/>\nNr. 5 G-Dur<br \/>\nNr. 6 E-Dur<br \/>\nInventionen und Sinfonien<br \/>\nItalienisches Konzert BWV 971<br \/>\nPartita Nr. 2 c-moll BWV 826<br \/>\nDas Wohltemperierte Klavier I<br \/>\nAs-Dur BWV 862<br \/>\nH-Dur BWV 868<br \/>\nC-Dur BWV 846<br \/>\nc-moll BWV 847<br \/>\nCis-Dur BWV 848<br \/>\ncis-moll BWV 849<br \/>\nD-Dur BWV 850<br \/>\nG-Dur BWV 860<br \/>\nDas Wohltemperierte Klavier II<br \/>\nC-Dur BWV 870<br \/>\nc-moll BWV 871<br \/>\nCis-Dur BWV 872<br \/>\ncis-moll BWV 873<br \/>\nD-Dur BWV 874<br \/>\nd-moll BWV 875<br \/>\nEs-Dur BWV 876<br \/>\ndis-moll BWV 877<br \/>\nE-Dur BWV 878<br \/>\ne-moll BWV 879<br \/>\nF-Dur BWV 880<br \/>\nG-Dur BWV 884<br \/>\ng-moll BWV 885<br \/>\nA-Dur BWV 888<\/p>\n<p><strong>Bach-Busoni<\/strong><br \/>\nChoralvorspiele<br \/>\n\u201eIch ruf zu Dir, Herr Jesu Christ\u201c,<br \/>\n\u201eNun komm, der Heiden Heiland<br \/>\n\u201eNun freut euch, lieben Christen gmein\u201c<\/p>\n<p><strong>Bach-Kempff <\/strong><br \/>\nChoralvorspiele<br \/>\n\u201eNun komm\u00b4 der Heiden Heiland\u201c,<br \/>\n\u201eJesus bleibt meine Freude\u201c,<br \/>\n\u201eNun freut Euch liebe Christen g\u00b4mein\u201c<\/p>\n<p><strong>Bart\u00f3k, B\u00e9la <\/strong><br \/>\nSonata (1926)<\/p>\n<p><strong>Beethoven, Ludwig van<\/strong><br \/>\nFantasie op. 77<br \/>\nKlaviersonaten<br \/>\nA-Dur op. 2-2<br \/>\nC-Dur op. 2-3<br \/>\nEs-Dur op. 7<br \/>\nF-Dur op. 10-2<br \/>\nD-Dur op. 10-3<br \/>\nc-moll op. 13 Path\u00e9tique<br \/>\ncis-moll op. 27-2 Mondscheinsonate<br \/>\nd-moll op. 31-2 Der Sturm<br \/>\nC-Dur op. 53 Waldstein<br \/>\nf-moll op. 57 Appassionata<br \/>\nFis-Dur op. 78<br \/>\nEs-Dur op. 78 op. 81a Les Adieux<br \/>\nA-Dur op. 101<br \/>\nVariationen F-Dur op. 34<br \/>\nVariationen und Fuge Es-Dur op. 35 Eroica<br \/>\n32 Variationen WoO 80<\/p>\n<p><strong>Boulanger, Lili<\/strong><br \/>\n3 Morceaux pour Piano<\/p>\n<p><strong>Brahms,Johannes<\/strong><br \/>\nBalladen op. 10<br \/>\nH\u00e4ndel-Variationen op. 24<br \/>\nRhapsodien<br \/>\nop. 79-1<br \/>\nop. 79-2<br \/>\nScherzo es-moll op. 4<br \/>\nKlavierst\u00fccke<br \/>\nop. 76-2<br \/>\nop. 76-4<br \/>\nop. 76-8<br \/>\nop. 119-2<br \/>\nop. 119-4<\/p>\n<p><strong>Busoni, Ferrucio <\/strong><br \/>\nCarmen Fantasie<\/p>\n<p><strong>Chopin; Fr\u00e9d\u00e9ric<\/strong><br \/>\nBalladen<br \/>\nNr. 2<br \/>\nNr. 3<br \/>\nBolero op. 19<br \/>\nEt\u00fcden<br \/>\nop. 10<br \/>\nop. 25<br \/>\nNocturnes<br \/>\nop. 9-3<br \/>\nop. 15-2<br \/>\nop. 48-1<br \/>\nScherzo Nr. 4<br \/>\nMazurkas op. 67<br \/>\nPolonaise op. 26-2<br \/>\nWalzer<br \/>\nop. 42<br \/>\nop. 64-1<br \/>\nop. 64-2<br \/>\nSonate Nr. 2 b-moll op. 35<br \/>\nPr\u00e9ludes op. 28<br \/>\nVariationen Brillantes B-Dur op. 12<\/p>\n<p><strong>Debussy, Claude<\/strong><br \/>\nEtudes<br \/>\nNr. 1<br \/>\nNr. 2<br \/>\nNr. 3<br \/>\nNr. 4<br \/>\nNr. 5<br \/>\nNr. 6<br \/>\nNr. 8<\/p>\n<p><strong>Faur\u00e9, Gabriel<\/strong><br \/>\nThema und Variationen op. 73<\/p>\n<p><strong>Haydn, Joseph<\/strong><br \/>\nSonaten<br \/>\nc-moll Hob XVI:20<br \/>\nEs-Dur Hob XVI:52<br \/>\nVariationen f-moll Hob XVII:6<br \/>\nEt\u00fcde Nr. 1 D\u00e9sordre<\/p>\n<p><strong>Liszt, Franz<\/strong><br \/>\nGrandes Etudes de Paganini<br \/>\nNr. 2<br \/>\nNr. 3 La Campanella<br \/>\nNr. 6<br \/>\nMephisto-Walzer Nr. 1<br \/>\nRigoletto Paraphrase<\/p>\n<p><strong>Lutoslawski, Witold<\/strong><br \/>\n2 Et\u00fcden (1940\/41)<\/p>\n<p><strong>Mendelssohn-Bartholdy, Felix <\/strong><br \/>\nLieder ohne Worte<br \/>\nop. 19<br \/>\nop. 30<br \/>\nS\u00e9rieuses-Variationen op. 54<\/p>\n<p><strong>Martin, Frank <\/strong><br \/>\nPr\u00e9ludes<br \/>\nNr. 3<br \/>\nNr. 4<br \/>\nNr. 5<br \/>\nNr. 8<\/p>\n<p><strong>Mozart, Wolfgang Amadeus <\/strong><br \/>\nKlaviersonaten<br \/>\nB-Dur KV 281<br \/>\nEs-Dur KV 282<br \/>\nF-Dur KV 332<br \/>\nB-Dur KV 333<br \/>\nc-moll KV 457<br \/>\nF-Dur KV 494<br \/>\nF-Dur KV 533<br \/>\nC-Dur KV 545<br \/>\nB-Dur KV 570<br \/>\nD-Dur KV 576<br \/>\nFantasie d-moll KV 397<br \/>\nVariationen<br \/>\nAh, vous dirai-je, Maman KV 265<br \/>\nUnser dummer P\u00f6bel meint KV 455<br \/>\nThema von Duport KV 573<\/p>\n<p><strong>Mussorgskij, Modest <\/strong><br \/>\nEine Nacht auf dem kahlen Berge (arr. Chernov)<\/p>\n<p><strong>Prokofieff, Sergei <\/strong><br \/>\nSonate Nr. 3 a-moll op. 28<br \/>\n4 St\u00fccke op. 4<\/p>\n<p><strong>Rachmaninov, Sergei<\/strong><br \/>\nEtudes \u2013 Tableux op. 39<br \/>\nc-moll<br \/>\na-moll<\/p>\n<p><strong>Ravel, Maurice <\/strong><br \/>\nGaspard de la Nuit<br \/>\nSonatine<\/p>\n<p><strong>Scarlatti, Domenico <\/strong><br \/>\nSonaten (Auswahl)<\/p>\n<p><strong>Schubert, Franz<\/strong><br \/>\nSonaten<br \/>\na-moll D 784<br \/>\na-moll D 845<br \/>\nWandererfantasie D 760<br \/>\nMoments musicaux D 780<br \/>\nImpromptus D 899<br \/>\nNr. 2<br \/>\nNr. 3<br \/>\n3 Klavierst\u00fccke D 946<br \/>\n12 L\u00e4ndler D 790<\/p>\n<p><strong>Schubert-Liszt<\/strong><br \/>\nAbegg-Variationen op. 1<br \/>\nFantasiest\u00fccke o. 12<br \/>\nFantasie C-Dur op. 17<br \/>\nSonate Nr. 2 g-moll op. 22<\/p>\n<p><strong>Skrjabin, Alexander<\/strong><br \/>\nPr\u00e9ludes op. 11<br \/>\nEt\u00fcde 42-5<br \/>\nNocturne f\u00fcr die linke Hand op. 9-2<\/p>\n<p><strong>Yun, Isang<\/strong><br \/>\n5 Kalvierst\u00fccke (1952)<\/p>\n<\/div>\n<\/div>\n<\/div>\n<\/div>\n<p><\/div><h4 class=\"section-title synved-item-even\"><a href=\"#synved-sections-1-1\">Chamber Music<\/a><\/h4><div class=\"synved-item-even\"><br \/>\n<strong>Bach, Johann Sebastian<\/strong><\/p>\n<p>Sonaten f\u00fcr Fl\u00f6te<br \/>\ng-moll BWV 1020<br \/>\nh-moll BWV 1030<br \/>\nEs-Dur BWV 1031<br \/>\nGambensonaten<br \/>\nG-Dur BWV 1027<br \/>\nD-Dur BWV 1028<br \/>\ng-moll BWV 1029<\/p>\n<p><strong>Beethoven, Ludwig van<\/strong><br \/>\nViolinsonaten<br \/>\nc-moll op. 30-2<br \/>\nG-Dur op. 30-3<br \/>\nCellosonaten<br \/>\ng-moll op. 5-2<br \/>\nA-Dur op. 69<br \/>\nD-Dur op. 102-2<br \/>\nKlaviertrios<br \/>\nD-Dur op. 70-1 Geister-Trio<br \/>\nEs-Dur op. 70-2<\/p>\n<p><strong>Brahms, Johannes<\/strong><br \/>\nUngarische T\u00e4nze f\u00fcr Klavier vierh\u00e4ndig<br \/>\nNr. 3<br \/>\nNr. 4<br \/>\nNr. 5<br \/>\nNr. 6<br \/>\nViolinsonate Nr. 1 G-Dur op. 78<br \/>\nViolasonaten<br \/>\nop. 120-1<br \/>\nop. 120-2<br \/>\nCellosonate Nr. 1 e-moll op. 38<br \/>\nKlavierquartett g-moll op. 25<br \/>\nLieder (Auswahl)<\/p>\n<p><strong>Bizet, Georges<\/strong><br \/>\nJeux d\u2019enfants op. 22 f\u00fcr Klavier vierh\u00e4ndig<\/p>\n<p><strong>Chopin, Fr\u00e9d\u00e9ric<\/strong><br \/>\nCellosonate g-moll<\/p>\n<p><strong>De Falla, Manuel<\/strong><br \/>\nSuite populaire espagnole f\u00fcr Violine &#038; Klavier<\/p>\n<p><strong>Dvorak, Antonin<\/strong><br \/>\nSlawische T\u00e4nze op. 46 f\u00fcr Klavier vierh\u00e4ndig<\/p>\n<p><strong>Faur\u00e9, Gabriel<\/strong><br \/>\nFantasie op. 79 f\u00fcr Fl\u00f6te &#038; Klavier<\/p>\n<p><strong>Franck, C\u00e9sar<\/strong><br \/>\nViolinsonate A-Dur<\/p>\n<p><strong>Jan\u00e1\u010dek, Leo\u0161<\/strong><br \/>\nViolinsonate (1914)<\/p>\n<p><strong>Jolivet, Andr\u00e9<\/strong><br \/>\nChant de Linos f\u00fcr Fl\u00f6te &#038; Klavier<\/p>\n<p><strong>Liszt, Franz<\/strong><br \/>\nR\u00e9miniscences de Don Juan f\u00fcr 2 Klaviere<\/p>\n<p><strong>Mahler, Gustav<\/strong><br \/>\nLieder (Auswahl)<\/p>\n<p><strong>Martin\u016f, Bohuslav<\/strong><br \/>\nSonate Nr. 1 f\u00fcr Fl\u00f6te &#038; Klavier<br \/>\nVariationen \u00fcber Thema von Rossini f\u00fcr Cello &#038; Klavier<\/p>\n<p><strong>Mendelssohn, Fanny<\/strong><br \/>\nKlaviertrio d-moll op. 11<\/p>\n<p><strong>Mendelssohn-Bartholdy, Felix<\/strong><br \/>\nKlaviertrio Nr. 1 d-moll op. 49<\/p>\n<p><strong>Mozart, Wolfgang Amadeus<\/strong><br \/>\nViolinsonaten<br \/>\nB-Dur KV 378<br \/>\nG-Dur KV 379<br \/>\nA-Dur KV 526<br \/>\nEs-Dur KV 498 f\u00fcr Klarinette, Viola &#038; Klavier Kegelstatt<br \/>\nSonate D-Dur KV 448 f\u00fcr 2 Klaviere<br \/>\nKlavierquartett g-moll KV 478<br \/>\nQuintett Es-Dur KV 452 f\u00fcr Klavier &#038; Bl\u00e4ser<\/p>\n<p><strong>Muczynski, Robert<\/strong><br \/>\nSonate op. 14 f\u00fcr Fl\u00f6te &#038; Klavier<\/p>\n<p><strong>Poulenc, Francis<\/strong><br \/>\nSonate f\u00fcr Klavier vierh\u00e4ndig<\/p>\n<p><strong>Prokofiev, Sergei<\/strong><br \/>\nFl\u00f6tensonate D-Dur op. 94<br \/>\nCellosonate C-Dur op. 119<\/p>\n<p><strong>Purcell, Henri<\/strong><br \/>\nLieder (Auswahl)<\/p>\n<p><strong>Rachmaninov, Sergei<\/strong><br \/>\nCellosonate g-moll op. 19<\/p>\n<p><strong>Roussel, Albert<\/strong><br \/>\nJouers de Fl\u00fbte op. 27<\/p>\n<p><strong>Schubert, Franz<\/strong><br \/>\nFantasie f-moll D 940 f\u00fcr Klavier vierh\u00e4ndig<br \/>\nSonatine g-moll D 408 f\u00fcr Violine &#038; Klavier Arpeggionen-Sonate a-moll D 821<br \/>\nKlavierquintett A-Dur D 667 Forellenquintett<\/p>\n<p>Winterreise D 911<br \/>\nDie Sch\u00f6ne M\u00fcllerin D795<br \/>\nLieder (Auswahl)<\/p>\n<p><strong>Schumann, Robert<\/strong><br \/>\nBilder aus Osten op. 66 f\u00fcr Klavier vierh\u00e4ndig<br \/>\nFantasiest\u00fccke op. 73 f\u00fcr Klarinette &#038; Klavier<br \/>\n5 St\u00fccke im Volkston op. 102 f\u00fcr Cello &#038; Klavier<br \/>\nDrei Romanzen op. 94 f\u00fcr Oboe &#038; Klavier<br \/>\nM\u00e4rchenbilder op. 113 f\u00fcr Klavier &#038; Viola<br \/>\nAdagio und Allegro op. 70 f\u00fcr Klavier &#038; Horn<br \/>\nFrauenliebe und Leben op. 42<br \/>\nBelsatzar op. 57 Ballade nach Heinrich Heine<br \/>\nWeitere Lieder (Auswahl)<\/p>\n<p><strong>Strauss, Richard<\/strong><br \/>\nCellosonate F-Dur op. 6<br \/>\nLieder (Auswahl)<\/p>\n<p><strong>Weber, Carl Maria von<\/strong><br \/>\nTrio g-moll op. 63 f\u00fcr Fl\u00f6te, Cello &#038; Klavier<\/p>\n<p><strong>Villa-Lobos, Heitor<\/strong><br \/>\nPr\u00e9ludio Nr. 2 op. 20 f\u00fcr Cello &#038; Klavier<br \/>\nO canto do cisne negro f\u00fcr Cello &#038; Klavier<br \/>\nBachianas Brasileiras Nr. 2 f\u00fcr Cello &#038; Klavier<\/p>\n<p><strong>Wolf, Hugo<\/strong><br \/>\nLieder (Auswahl)<\/p>\n<p><strong>Yun, Isang<\/strong><br \/>\nGarak (1963) f\u00fcr Fl\u00f6te &#038; Klavier<br \/>\n<\/div><h4 class=\"section-title synved-item-odd\"><a href=\"#synved-sections-1-2\">Orchestra<\/a><\/h4><div class=\"synved-item-odd\"><\/p>\n<p><strong>Beethoven, Ludwig van<\/strong><br \/>\nKlavierkonzerte<br \/>\nNr. 1 C-Dur op. 15<br \/>\nNr. 3 c-moll op. 37<br \/>\nNr. 4 G-Dur op. 88<\/p>\n<p><strong>Chopin, Fr\u00e9d\u00e9ric<\/strong><br \/>\nKlavierkonzerte<br \/>\nNr. 1 e-moll op. 11<br \/>\nNr. 2 f-moll op. 21<\/p>\n<p><strong>Liszt, Franz<\/strong><br \/>\nKlavierkonzert Nr. 1 Es-Dur<br \/>\nFantasie \u00fcber ungarische Volksmelodien<\/p>\n<p><strong>Mozart, Wolfgang Amadeus<\/strong><br \/>\nKlavierkonzerte<br \/>\nNr. 13 C-Dur KV 415<br \/>\nNr. 26 D-Dur KV 537<br \/>\nNr. 27 B-Dur KV 595<\/p>\n<p><strong>Prokofiev, Sergei<\/strong><br \/>\nKlavierkonzert Nr. 3 D-Dur op. 26<\/p>\n<p><strong>Ravel, Maurice<\/strong><br \/>\nKlavierkonzerte<br \/>\nG-Dur<br \/>\nD-Dur f\u00fcr die linke Hand<\/p>\n<p><strong>Schumann, Robert<\/strong><br \/>\nKlavierkonzert a-moll op. 54<\/p>\n<p><\/div><\/div><\/div>\n<hr \/>\n<p>&nbsp;<\/p>\n","protected":false},"excerpt":{"rendered":"<p>My Repertoire. &nbsp;<\/p>\n","protected":false},"author":1,"featured_media":0,"parent":0,"menu_order":0,"comment_status":"closed","ping_status":"closed","template":"","meta":{"footnotes":""},"class_list":["post-53","page","type-page","status-publish","czr-hentry"],"translation":{"provider":"WPGlobus","version":"3.0.1","language":"en","enabled_languages":["de","en"],"languages":{"de":{"title":true,"content":true,"excerpt":false},"en":{"title":true,"content":true,"excerpt":false}}},"_links":{"self":[{"href":"https:\/\/jiyeounyou.de\/en\/wp-json\/wp\/v2\/pages\/53","targetHints":{"allow":["GET"]}}],"collection":[{"href":"https:\/\/jiyeounyou.de\/en\/wp-json\/wp\/v2\/pages"}],"about":[{"href":"https:\/\/jiyeounyou.de\/en\/wp-json\/wp\/v2\/types\/page"}],"author":[{"embeddable":true,"href":"https:\/\/jiyeounyou.de\/en\/wp-json\/wp\/v2\/users\/1"}],"replies":[{"embeddable":true,"href":"https:\/\/jiyeounyou.de\/en\/wp-json\/wp\/v2\/comments?post=53"}],"version-history":[{"count":45,"href":"https:\/\/jiyeounyou.de\/en\/wp-json\/wp\/v2\/pages\/53\/revisions"}],"predecessor-version":[{"id":1096,"href":"https:\/\/jiyeounyou.de\/en\/wp-json\/wp\/v2\/pages\/53\/revisions\/1096"}],"wp:attachment":[{"href":"https:\/\/jiyeounyou.de\/en\/wp-json\/wp\/v2\/media?parent=53"}],"curies":[{"name":"wp","href":"https:\/\/api.w.org\/{rel}","templated":true}]}}