{"id":45,"date":"2019-08-14T10:47:01","date_gmt":"2019-08-14T08:47:01","guid":{"rendered":"http:\/\/dev.123.mynews.de\/wordpress\/?page_id=45"},"modified":"2026-02-14T22:02:35","modified_gmt":"2026-02-14T21:02:35","slug":"konzerte","status":"publish","type":"page","link":"https:\/\/jiyeounyou.de\/en\/konzerte\/","title":{"rendered":"Concerts"},"content":{"rendered":"<blockquote>\n<h3>Veranstaltungen<\/h3>\n<\/blockquote>\n<p><strong>Samstag, 03. Januar 2026 16:00 Uhr<\/strong><br \/>\nSchoss Glienicke (zur Zeit in der Kirche am Immanuel Krankenhaus Wannsee)<br \/>\nDuo Maiss You<br \/>\nFranz Schubert (1797-1828)<br \/>\nSonate f\u00fcr Klavier und Violine a-Moll D 385<br \/>\nSonate f\u00fcr Klavier und Violine A-Dur D 574<br \/>\nArpeggione Sonate f\u00fcr Viola und Klavier D 821<br \/>\nRondo f\u00fcr Violine und Klavier h-Moll D 895<\/p>\n<hr \/>\n<p><strong>Sonntag, 04. Januar 2026 16:00 Uhr<\/strong><br \/>\nSchoss Glienicke (zur Zeit in der Kirche am Immanuel Krankenhaus Wannsee)<br \/>\nDuo Maiss You<br \/>\nFranz Schubert (1797-1828)<br \/>\nSonate f\u00fcr Klavier und Violine a-Moll D 385<br \/>\nSonate f\u00fcr Klavier und Violine A-Dur D 574<br \/>\nArpeggione Sonate f\u00fcr Viola und Klavier D 821<br \/>\nRondo f\u00fcr Violine und Klavier h-Moll D 895<\/p>\n<hr \/>\n<p><strong>Samstag, 31. Januar 2026 19:00 Uhr<\/strong><br \/>\n<a href=\"https:\/\/palais-lichtenau.de\/\" target=\"_blank\" rel=\"noopener\">Palais Lichtenau Potsdam<\/a><br \/>\n<strong>Duo Maiss You<\/strong><br \/>\nFranz Schubert (1797-1828)<br \/>\nSonate f\u00fcr Klavier und Violine a-Moll D 385<br \/>\nSonate f\u00fcr Klavier und Violine A-Dur D 574<br \/>\nArpeggione Sonate f\u00fcr Viola und Klavier D 821<br \/>\nRondo f\u00fcr Violine und Klavier h-Moll D 895<\/p>\n<hr \/>\n<p><strong>Sonntag, 28. Juni 2026 11:00 Uhr<\/strong><br \/>\n<a href=\"https:\/\/kgs-schwerte.de\/konzert\/ji-yeoun-you\/\" target=\"_blank\" rel=\"noopener\">Konzertgesellschaft Schwerte<\/a><br \/>\nMozart Klaviersonate B-Dur KV 570<\/p>\n<p>Ravel Gaspard de la nuit<\/p>\n<p>Mussorgski Bilder einer Ausstellung<\/p>\n<hr \/>\n<p><strong>Samstag, Sonntag 15.\/ 16. August 2026<\/strong><br \/>\n<a href=\"https:\/\/www.konzerte-schloss-glienicke.de\/kontakt\" target=\"_blank\" rel=\"noopener\">Schloss Glienicke<\/a> (zur Zeit in der Kirche am Immanuel Krankenhaus Wannsee)<br \/>\nBeethoven Klaviersonaten Zyklus III<br \/>\nLudwig van Beethoven Klaviersonate Nr. 8 op. 13<br \/>\nLudwig van Beethoven Klaviersonate Nr. 9 op. 14 Nr. 1<br \/>\nLudwig van Beethoven Klaviersonate Nr. 10 op. 14 Nr. 2<br \/>\nLudwig van Beethoven Klaviersonate Nr. 11 op. 22<br \/>\nLudwig van Beethoven Klaviersonate Nr. 19 op. 49 Nr. 1<br \/>\nLudwig van Beethoven Klaviersonate Nr. 20 op. 49 Nr. 2<\/p>\n<hr \/>\n<p><strong>Donnerstag, 27. August 2026 20:00 Uhr<\/strong><br \/>\nKirchensommer St. Petri Kirche Benz<br \/>\nBeethoven Klaviersonaten Zyklus III<\/p>\n<hr \/>\n","protected":false},"excerpt":{"rendered":"<p>Veranstaltungen Samstag, 03. Januar 2026 16:00 Uhr Schoss Glienicke (zur Zeit in der Kirche am Immanuel Krankenhaus Wannsee) Duo Maiss You Franz Schubert (1797-1828) Sonate f\u00fcr Klavier und Violine a-Moll D 385 Sonate f\u00fcr Klavier und Violine A-Dur D 574 Arpeggione Sonate f\u00fcr Viola und Klavier D 821 Rondo f\u00fcr Violine und Klavier h-Moll D [&hellip;]<\/p>\n","protected":false},"author":1,"featured_media":0,"parent":0,"menu_order":0,"comment_status":"closed","ping_status":"closed","template":"","meta":{"footnotes":""},"class_list":["post-45","page","type-page","status-publish","czr-hentry"],"translation":{"provider":"WPGlobus","version":"3.0.1","language":"en","enabled_languages":["de","en"],"languages":{"de":{"title":true,"content":true,"excerpt":false},"en":{"title":true,"content":false,"excerpt":false}}},"_links":{"self":[{"href":"https:\/\/jiyeounyou.de\/en\/wp-json\/wp\/v2\/pages\/45","targetHints":{"allow":["GET"]}}],"collection":[{"href":"https:\/\/jiyeounyou.de\/en\/wp-json\/wp\/v2\/pages"}],"about":[{"href":"https:\/\/jiyeounyou.de\/en\/wp-json\/wp\/v2\/types\/page"}],"author":[{"embeddable":true,"href":"https:\/\/jiyeounyou.de\/en\/wp-json\/wp\/v2\/users\/1"}],"replies":[{"embeddable":true,"href":"https:\/\/jiyeounyou.de\/en\/wp-json\/wp\/v2\/comments?post=45"}],"version-history":[{"count":281,"href":"https:\/\/jiyeounyou.de\/en\/wp-json\/wp\/v2\/pages\/45\/revisions"}],"predecessor-version":[{"id":2125,"href":"https:\/\/jiyeounyou.de\/en\/wp-json\/wp\/v2\/pages\/45\/revisions\/2125"}],"wp:attachment":[{"href":"https:\/\/jiyeounyou.de\/en\/wp-json\/wp\/v2\/media?parent=45"}],"curies":[{"name":"wp","href":"https:\/\/api.w.org\/{rel}","templated":true}]}}