{"id":289,"date":"2016-10-19T12:32:26","date_gmt":"2016-10-19T10:32:26","guid":{"rendered":"http:\/\/dev.123.mynews.de\/wordpress\/?page_id=289"},"modified":"2018-01-04T17:14:37","modified_gmt":"2018-01-04T16:14:37","slug":"2010-2","status":"publish","type":"page","link":"https:\/\/jiyeounyou.de\/en\/konzerte\/2010-2\/","title":{"rendered":"2010"},"content":{"rendered":"<div class=\"clear\"><\/div>\n<div class=\"content_main_left\"><strong><span class=\"concert_date\">29.05.2010<\/span><\/strong><br \/>\nBotanischer Garten, Berlin<\/div>\n<p><a href=\"http:\/\/www.bgbm.org\/de\/veranstaltungen-liste\" target=\"_blank\" rel=\"noopener\"><strong>Klavierkonzert<\/strong><\/a><br \/>\nHaydn Variationen\u00a0 f- moll<br \/>\nBeethoven Sonate Op.57 &#8221; Appassionata&#8221;<br \/>\nSchubert Sonate a- moll\u00a0\u00a0D 845<\/p>\n<hr \/>\n<p><strong><span class=\"concert_date\">22.05.2010<\/span><\/strong><br \/>\nMutter Fourage, Berlin<br \/>\n<strong>Duokonzert Fl\u00f6te und Klavier mit Ulrich Roloff<\/strong><br \/>\nWerke von Isang Yun, Wolfgang Amadeus Mozart, Andr\u00e9 Jolivet<br \/>\nund C\u00e9sar Franck<\/p>\n<hr \/>\n<p><strong><span class=\"concert_date\">15.05.2010<\/span><\/strong><br \/>\nSt. Paul&#8217;s Cathedral, Dundee<\/p>\n<p><strong>Klavierkonzert<\/strong><br \/>\nHaydn Variationen f-moll<br \/>\nBeethoven Sonate Op.57 &#8220;Appassionata&#8221;<br \/>\nSchubert Sonate a-moll D 845<\/p>\n<hr \/>\n<div class=\"clear\"><\/div>\n<div class=\"content_main_left\"><strong><span class=\"concert_date\">14.05.2010<\/span><\/strong><br \/>\nSt. Giles, Edinburgh<\/div>\n<p><strong>Klavierkonzert<\/strong><br \/>\nHaydn Variationen f-moll<br \/>\nBeethoven Sonate Op.57 &#8220;Appassionata&#8221;<br \/>\nSchubert Sonate a-moll D 845<\/p>\n<hr \/>\n<div class=\"clear\"><\/div>\n<div class=\"content_main_left\"><strong><span class=\"concert_date\">25.02.2010<\/span><\/strong><br \/>\nLondon School of Economics<\/div>\n<p><a href=\"http:\/\/www.lse.ac.uk\/publicEvents\/events\/2010\/20100225t1305vSL.aspx\" target=\"_blank\" rel=\"noopener\"><strong>Klavierkonzert<\/strong><\/a><br \/>\nBeethoven Eroica Variationen Op.35\u00a0\u00a0Ravel Gaspard de la Nuit<\/p>\n<hr \/>\n<div class=\"clear\"><\/div>\n<div class=\"content_main_left\"><strong><span class=\"concert_date\">21.02.2010<\/span><\/strong><br \/>\nSchlitz-Richthof<\/div>\n<p><strong>Duokonzert Fl\u00f6te und Klavier mit Ulrich Roloff<\/strong><br \/>\nWerke von Isang Yun, Wolfgang Amadeus Mozart, Andr\u00e9 Jolivet und C\u00e9sar Franck<\/p>\n<hr \/>\n<p><strong><span class=\"concert_date\">23.01.2010<\/span><\/strong><br \/>\nSt. Marien am Behnitz Berlin<br \/>\n<a href=\"http:\/\/www.behnitz.de\/ver_duo.htm\" target=\"_blank\" rel=\"noopener\"><strong>Duoabend mit Ulrich Roloff (Fl\u00f6te)<\/strong><\/a><br \/>\nIsang Yun<br \/>\nEtude V Wolfgang Amadeus Mozart<br \/>\nSonate in G-Dur KV 379 Andr\u00e9 Jolivet<br \/>\nChant de Linos pour fl\u00fbte et piano C\u00e9sar Franck<br \/>\nSonate in A-Dur<\/p>\n<hr \/>\n","protected":false},"excerpt":{"rendered":"<p>29.05.2010 Botanischer Garten, Berlin Klavierkonzert Haydn Variationen\u00a0 f- moll Beethoven Sonate Op.57 &#8221; Appassionata&#8221; Schubert Sonate a- moll\u00a0\u00a0D 845 22.05.2010 Mutter Fourage, Berlin Duokonzert Fl\u00f6te und Klavier mit Ulrich Roloff Werke von Isang Yun, Wolfgang Amadeus Mozart, Andr\u00e9 Jolivet und C\u00e9sar Franck 15.05.2010 St. Paul&#8217;s Cathedral, Dundee Klavierkonzert Haydn Variationen f-moll Beethoven Sonate Op.57 &#8220;Appassionata&#8221; [&hellip;]<\/p>\n","protected":false},"author":1,"featured_media":0,"parent":45,"menu_order":0,"comment_status":"closed","ping_status":"closed","template":"","meta":{"footnotes":""},"class_list":["post-289","page","type-page","status-publish","czr-hentry"],"translation":{"provider":"WPGlobus","version":"3.0.1","language":"en","enabled_languages":["de","en"],"languages":{"de":{"title":true,"content":true,"excerpt":false},"en":{"title":false,"content":false,"excerpt":false}}},"_links":{"self":[{"href":"https:\/\/jiyeounyou.de\/en\/wp-json\/wp\/v2\/pages\/289","targetHints":{"allow":["GET"]}}],"collection":[{"href":"https:\/\/jiyeounyou.de\/en\/wp-json\/wp\/v2\/pages"}],"about":[{"href":"https:\/\/jiyeounyou.de\/en\/wp-json\/wp\/v2\/types\/page"}],"author":[{"embeddable":true,"href":"https:\/\/jiyeounyou.de\/en\/wp-json\/wp\/v2\/users\/1"}],"replies":[{"embeddable":true,"href":"https:\/\/jiyeounyou.de\/en\/wp-json\/wp\/v2\/comments?post=289"}],"version-history":[{"count":8,"href":"https:\/\/jiyeounyou.de\/en\/wp-json\/wp\/v2\/pages\/289\/revisions"}],"predecessor-version":[{"id":1573,"href":"https:\/\/jiyeounyou.de\/en\/wp-json\/wp\/v2\/pages\/289\/revisions\/1573"}],"up":[{"embeddable":true,"href":"https:\/\/jiyeounyou.de\/en\/wp-json\/wp\/v2\/pages\/45"}],"wp:attachment":[{"href":"https:\/\/jiyeounyou.de\/en\/wp-json\/wp\/v2\/media?parent=289"}],"curies":[{"name":"wp","href":"https:\/\/api.w.org\/{rel}","templated":true}]}}