{"id":281,"date":"2016-10-19T12:31:31","date_gmt":"2016-10-19T10:31:31","guid":{"rendered":"http:\/\/dev.123.mynews.de\/wordpress\/?page_id=281"},"modified":"2016-10-25T10:08:01","modified_gmt":"2016-10-25T08:08:01","slug":"2014-2","status":"publish","type":"page","link":"https:\/\/jiyeounyou.de\/en\/konzerte\/2014-2\/","title":{"rendered":"2014"},"content":{"rendered":"<p><strong><span class=\"concert_date\">30.11.2014<\/span><\/strong><br \/>\nGoethe Museum, D\u00fcsseldorf<br \/>\n<strong>Klavierkonzert <\/strong><br \/>\nBeethoven Sonate cis-moll op.27-1 Ravel Gaspard de la Nuit Liszt Mephisto Waltz<\/p>\n<hr \/>\n<p><strong><span class=\"concert_date\">27.11.2014<\/span><\/strong><br \/>\nBeethovenhaus, Bonn<br \/>\n<strong>Klavierabend <\/strong><br \/>\nBeethoven Sonate cis-moll op.27-1 Ravel Gaspard de la Nuit Liszt Mephisto Waltz Schubert Sonate a-moll D.845<\/p>\n<hr \/>\n<div class=\"clear\"><\/div>\n<div class=\"content_main_left\"><strong><span class=\"concert_date\">05.11.2014<\/span><\/strong><br \/>\nSalon Chrostophori Berlin<\/div>\n<p><a href=\"http:\/\/www.konzertfluegel.com\/N_konzerte.html\" target=\"_blank\"><strong>Duoabend mit Ulrich Roloff<\/strong><\/a><br \/>\nWerke von C.P.E. Bach und J.S.Bach<\/p>\n<hr \/>\n<div class=\"clear\"><\/div>\n<div class=\"content_main_left\"><strong><span class=\"concert_date\">30.10.2014<\/span><\/strong><br \/>\nLSE, London<\/div>\n<p><strong>Klavierkonzert<\/strong><br \/>\nSchubert Moments musicaux D. 780 Beethoven Sonate op.53 &#8220;Waldsteinsonate&#8221;<\/p>\n<hr \/>\n<div class=\"clear\"><\/div>\n<div class=\"content_main_left\"><strong><span class=\"concert_date\">14.09.2014<\/span><\/strong><br \/>\nPasewalk<\/div>\n<p><a href=\"http:\/\/musikverein-pasewalk.jimdo.com\/\" target=\"_blank\"><strong>Duokonzert mit Ulrich Roloff<\/strong><\/a><br \/>\nWerke von C.P.E. Bach und J.S. Bach<\/p>\n<hr \/>\n<div class=\"clear\"><\/div>\n<div class=\"content_main_left\"><strong><span class=\"concert_date\">12.08.2014<\/span><\/strong><br \/>\nBenz, Usedom<\/div>\n<p><a href=\"http:\/\/www.kirche-benz.de\/Kirchensommer.8.0.html\" target=\"_blank\"><strong>Klavierabend <\/strong><\/a><br \/>\nBeethoven Sonate Op.27-2 &#8220;Mondscheinsonate&#8221; Ravel Gaspard de la Nuit Chopin Nocturne Op.48-1,2 Liszt Mehisto Waltz Nr.1<\/p>\n<hr \/>\n<div class=\"clear\"><\/div>\n<div class=\"content_main_left\"><strong><span class=\"concert_date\">15.06.2014<\/span><\/strong><br \/>\nSchloss Erxleben<\/div>\n<p><a href=\"http:\/\/www.schlosskirche-erxleben.de\/konzertsommer-2014.html\" target=\"_blank\"><strong>Klavierkonzert<\/strong><\/a><br \/>\nF. Schubert Moments musicaux D. 780 B. Bart\u00f3k Sonate Isang Yun F\u00fcnf St\u00fccke f\u00fcr Klavier (1958) L.v. Beethoven Sonate Op.53<\/p>\n<hr \/>\n<div class=\"clear\"><\/div>\n<div class=\"content_main_left\"><strong><span class=\"concert_date\">11.03.2014<\/span><\/strong><br \/>\nSalon Christophori, Berlin<\/div>\n<p><strong>Klavierabend <\/strong><br \/>\nF. Schubert Moments Musicaux D. 780, B. Bartok Sonate, Isang Yun F\u00fcnf\u00a0St\u00fccke f\u00fcr Klavier (1958), L. v. Beethoven Sonate op.53<\/p>\n<hr \/>\n<div class=\"clear\"><\/div>\n<div class=\"content_main_left\"><strong><span class=\"concert_date\">28.02.2014<\/span><\/strong><br \/>\nBeethoven Haus Bonn<\/div>\n<p><strong>Klavierabend<\/strong><br \/>\nF. Schubert Moments Musicaux D. 780, B. Bartok Sonate, Isang Yun F\u00fcnf St\u00fccke f\u00fcr Klavier (1958), L.v. Beethoven Sonate op. 53<\/p>\n<hr \/>\n<p><strong><span class=\"concert_date\">23.02.2014<\/span><\/strong><br \/>\nHofgut Sassen<br \/>\n<strong>Duokonzert mit Ulrich Roloff<\/strong><br \/>\nWerke f\u00fcr Fl\u00f6te und Klavier von J.S. Bach, W.A. Mozart, G. Faur\u00e9 und B. Martinu<\/p>\n<hr \/>\n<p>&nbsp;<\/p>\n","protected":false},"excerpt":{"rendered":"<p>30.11.2014 Goethe Museum, D\u00fcsseldorf Klavierkonzert Beethoven Sonate cis-moll op.27-1 Ravel Gaspard de la Nuit Liszt Mephisto Waltz 27.11.2014 Beethovenhaus, Bonn Klavierabend Beethoven Sonate cis-moll op.27-1 Ravel Gaspard de la Nuit Liszt Mephisto Waltz Schubert Sonate a-moll D.845 05.11.2014 Salon Chrostophori Berlin Duoabend mit Ulrich Roloff Werke von C.P.E. Bach und J.S.Bach 30.10.2014 LSE, London Klavierkonzert [&hellip;]<\/p>\n","protected":false},"author":1,"featured_media":0,"parent":45,"menu_order":0,"comment_status":"closed","ping_status":"closed","template":"","meta":{"footnotes":""},"class_list":["post-281","page","type-page","status-publish","czr-hentry"],"translation":{"provider":"WPGlobus","version":"3.0.1","language":"en","enabled_languages":["de","en"],"languages":{"de":{"title":true,"content":true,"excerpt":false},"en":{"title":false,"content":false,"excerpt":false}}},"_links":{"self":[{"href":"https:\/\/jiyeounyou.de\/en\/wp-json\/wp\/v2\/pages\/281","targetHints":{"allow":["GET"]}}],"collection":[{"href":"https:\/\/jiyeounyou.de\/en\/wp-json\/wp\/v2\/pages"}],"about":[{"href":"https:\/\/jiyeounyou.de\/en\/wp-json\/wp\/v2\/types\/page"}],"author":[{"embeddable":true,"href":"https:\/\/jiyeounyou.de\/en\/wp-json\/wp\/v2\/users\/1"}],"replies":[{"embeddable":true,"href":"https:\/\/jiyeounyou.de\/en\/wp-json\/wp\/v2\/comments?post=281"}],"version-history":[{"count":7,"href":"https:\/\/jiyeounyou.de\/en\/wp-json\/wp\/v2\/pages\/281\/revisions"}],"predecessor-version":[{"id":396,"href":"https:\/\/jiyeounyou.de\/en\/wp-json\/wp\/v2\/pages\/281\/revisions\/396"}],"up":[{"embeddable":true,"href":"https:\/\/jiyeounyou.de\/en\/wp-json\/wp\/v2\/pages\/45"}],"wp:attachment":[{"href":"https:\/\/jiyeounyou.de\/en\/wp-json\/wp\/v2\/media?parent=281"}],"curies":[{"name":"wp","href":"https:\/\/api.w.org\/{rel}","templated":true}]}}