{"id":226,"date":"2016-10-19T09:39:55","date_gmt":"2016-10-19T07:39:55","guid":{"rendered":"http:\/\/dev.123.mynews.de\/wordpress\/?page_id=226"},"modified":"2016-11-06T17:47:18","modified_gmt":"2016-11-06T16:47:18","slug":"presse","status":"publish","type":"page","link":"https:\/\/jiyeounyou.de\/en\/presse\/","title":{"rendered":"Press"},"content":{"rendered":"<div id=\"content_main_left\"><\/div>\n<div id=\"content_main_right\">\n<div id=\"node-5\" class=\"node clear-block\">\n<div class=\"meta\"><\/div>\n<div class=\"content\">\n<blockquote>\n<p>\u201eGro\u00dfes pianistisches K\u00f6nnen, musikalische \u00dcberlegenheit und Anpassungsf\u00e4higkeit sind ihr zu eigen.\u201c<\/p>\n<p class=\"rteright\"><em>Prof. Dr. Dietrich Fischer-Dieskau<\/em><\/p>\n<\/blockquote>\n<blockquote>\n<p>\u201eBeeindruckender Soloabend mit Ji-Yeoun You\u201c<br \/>\n\u201eTechnisch au\u00dferordentlich versiert, verlieh sie dem Werk ein jeweils ganz individuelles, pr\u00e4gnantes und zwischen sanfter Lyrik wie aggressiver H\u00e4rte eine breite Ausdrucksskala bietendes Profil.\u201c<br \/>\n\u201e\u2026gestalterische Vielfalt und Souver\u00e4nit\u00e4t, verbunden mit dem Willen zum kompromi\u00dflosen Ausdruck\u2026\u201c<br \/>\nOstseezeitung, 22.08.2009<\/p>\n<\/blockquote>\n<\/div>\n<\/div>\n<\/div>\n","protected":false},"excerpt":{"rendered":"<p>\u201eGro\u00dfes pianistisches K\u00f6nnen, musikalische \u00dcberlegenheit und Anpassungsf\u00e4higkeit sind ihr zu eigen.\u201c Prof. Dr. Dietrich Fischer-Dieskau \u201eBeeindruckender Soloabend mit Ji-Yeoun You\u201c \u201eTechnisch au\u00dferordentlich versiert, verlieh sie dem Werk ein jeweils ganz individuelles, pr\u00e4gnantes und zwischen sanfter Lyrik wie aggressiver H\u00e4rte eine breite Ausdrucksskala bietendes Profil.\u201c \u201e\u2026gestalterische Vielfalt und Souver\u00e4nit\u00e4t, verbunden mit dem Willen zum kompromi\u00dflosen Ausdruck\u2026\u201c [&hellip;]<\/p>\n","protected":false},"author":1,"featured_media":0,"parent":0,"menu_order":0,"comment_status":"closed","ping_status":"closed","template":"","meta":{"footnotes":""},"class_list":["post-226","page","type-page","status-publish","czr-hentry"],"translation":{"provider":"WPGlobus","version":"3.0.1","language":"en","enabled_languages":["de","en"],"languages":{"de":{"title":true,"content":true,"excerpt":false},"en":{"title":true,"content":false,"excerpt":false}}},"_links":{"self":[{"href":"https:\/\/jiyeounyou.de\/en\/wp-json\/wp\/v2\/pages\/226","targetHints":{"allow":["GET"]}}],"collection":[{"href":"https:\/\/jiyeounyou.de\/en\/wp-json\/wp\/v2\/pages"}],"about":[{"href":"https:\/\/jiyeounyou.de\/en\/wp-json\/wp\/v2\/types\/page"}],"author":[{"embeddable":true,"href":"https:\/\/jiyeounyou.de\/en\/wp-json\/wp\/v2\/users\/1"}],"replies":[{"embeddable":true,"href":"https:\/\/jiyeounyou.de\/en\/wp-json\/wp\/v2\/comments?post=226"}],"version-history":[{"count":12,"href":"https:\/\/jiyeounyou.de\/en\/wp-json\/wp\/v2\/pages\/226\/revisions"}],"predecessor-version":[{"id":599,"href":"https:\/\/jiyeounyou.de\/en\/wp-json\/wp\/v2\/pages\/226\/revisions\/599"}],"wp:attachment":[{"href":"https:\/\/jiyeounyou.de\/en\/wp-json\/wp\/v2\/media?parent=226"}],"curies":[{"name":"wp","href":"https:\/\/api.w.org\/{rel}","templated":true}]}}