{"id":1942,"date":"2023-04-12T20:18:30","date_gmt":"2023-04-12T18:18:30","guid":{"rendered":"https:\/\/jiyeounyou.de\/?page_id=1942"},"modified":"2023-04-12T20:21:24","modified_gmt":"2023-04-12T18:21:24","slug":"2022-2","status":"publish","type":"page","link":"https:\/\/jiyeounyou.de\/en\/konzerte\/2022-2\/","title":{"rendered":"2022"},"content":{"rendered":"<div><strong>Samstag, 1. Januar 2022 16:00 Uhr<\/strong><\/div>\n<div>Schloss K\u00f6penick<\/div>\n<div>Duett und Lieder von Johann Strauss<\/div>\n<hr \/>\n<div><strong>Sonntag, 2. Januar 2022 16:00 Uhr<\/strong><\/div>\n<div>Zehdenick<\/div>\n<div>Duett und Lieder von Johann Strauss<\/div>\n<hr \/>\n<div><strong>Sonntag, 16. Januar 2022 16:00 Uhr<\/strong><\/div>\n<div>Zehdenick<\/div>\n<div>Frederic Chopin Ballade g-moll op. 23<br \/>\nFrederic Chopin Walzer As-Dur op. 42<br \/>\nFrederic Chopin Nocturne c-moll (1847)<br \/>\nFrederic Chopin Sonate b-moll op. 35<\/div>\n<hr \/>\n<div><strong>Sonntag, 23. Januar 2022 16:00 Uhr<\/strong><\/div>\n<div>Schloss K\u00f6penick<\/div>\n<div>Frederic Chopin Ballade g-moll op. 23<br \/>\nFrederic Chopin Walzer As-Dur op. 42<br \/>\nFrederic Chopin Nocturne c-moll (1847)<br \/>\nFrederic Chopin Sonate b-moll op. 35<\/div>\n<hr \/>\n<div><strong>Montag, 24. Januar 2022 17:00 Uhr<\/strong><\/div>\n<div>Zitadelle Berlin<\/div>\n<div>Frederic Chopin Ballade g-moll op. 23<br \/>\nFrederic Chopin Walzer As-Dur op. 42<br \/>\nFrederic Chopin Nocturne c-moll (1847)<br \/>\nFrederic Chopin Sonate b-moll op. 35<\/div>\n<hr \/>\n<div>\n<div><strong>Sonntag, 10. April 2022 16:00 Uhr<\/strong><\/div>\n<div>Bode-Museum Berlin<\/div>\n<div>Frederic Chopin Ballade g-moll op. 23<\/div>\n<div>Frederic Chopin Walzer As-Dur op. 42<\/div>\n<div>Frederic Chopin Nocturne c-moll (1847)<\/div>\n<div>Frederic Chopin Sonate b-moll op. 35<\/div>\n<\/div>\n<hr \/>\n<div>\n<div><strong>Freitag, 25. Mai 2022 20:00 Uhr<\/strong><\/div>\n<div>Gilching<\/div>\n<div>Duo MAISS YOU<\/div>\n<div>Wolfgang Amadeus Mozart Sonate G-Dur KV 301<br \/>\nRoland Leistner- Mayer (*1945) Sonate f\u00fcr Viola und Klavier op. 156<br \/>\nLudwig van Beethoven Sonate A-Dur op. 47 &#8220;Kreutzersonate\u201d<\/div>\n<\/div>\n<hr \/>\n<div><\/div>\n<div><\/div>\n<div><strong>Donnerstag, 25. August 2022 20:00 Uhr<\/strong><\/div>\n<div>Kirchensommer Benz<\/div>\n<div>SCHUBERT<\/div>\n<div>Franz Schubert Moments musicaux D 780<\/div>\n<div>Franz Schubert Sonate a-moll D 784<\/div>\n<div>Franz Schubert Sonate a-moll D 845<\/div>\n<hr \/>\n<div><\/div>\n<div><\/div>\n<div><strong>Sonntag, 4. September 2022 11:00 Uhr<\/strong><\/div>\n<div>Rohrmeisterei Schwerte<\/div>\n<div>Duo MAISS YOU<\/div>\n<div>Wolfgang Amadeus Mozart Sonate G-Dur KV 301<\/div>\n<div>Johannes Brahms Violasonate Es-Dur op.120-2<\/div>\n<div>Ludwig van Beethoven Sonate A-Dur op.47 \u201cKreutzersonate\u201d<\/div>\n<div><\/div>\n<hr \/>\n<div><\/div>\n<div><strong>Sonntag, 13. November 2022 16:00 Uhr<\/strong><\/div>\n<div>Zehdenick<\/div>\n<div>Josef Suk Stimmungen op. 10<\/div>\n<div>Anton\u00edn Dvor\u00e1k \u00a0aus &#8220;Poetische Stimmungsbilder&#8221; op. 85<\/div>\n<div>Leo\u0161 Jan\u00e1\u010dek Auf verwachsenem Pfade Band I<\/div>\n<div>Bedrich Smetana Fantasie \u00fcber tschechische Volkslieder<\/div>\n<div><\/div>\n<hr \/>\n<div><\/div>\n<div><strong>Sonntag, 20. November 2022 16:00 Uhr<\/strong><\/div>\n<div>Schloss K\u00f6penick<\/div>\n<div>\n<div>Josef Suk Stimmungen op. 10<\/div>\n<div>Anton\u00edn Dvor\u00e1k \u00a0aus &#8220;Poetische Stimmungsbilder&#8221; op. 85<\/div>\n<div>Leo\u0161 Jan\u00e1\u010dek Auf verwachsenem Pfade Band I<\/div>\n<div>Bedrich Smetana Fantasie \u00fcber tschechische Volkslieder<\/div>\n<\/div>\n<p>&nbsp;<br \/>\n&nbsp;<br \/>\n&nbsp;<\/p>\n","protected":false},"excerpt":{"rendered":"<p>Samstag, 1. Januar 2022 16:00 Uhr Schloss K\u00f6penick Duett und Lieder von Johann Strauss Sonntag, 2. Januar 2022 16:00 Uhr Zehdenick Duett und Lieder von Johann Strauss Sonntag, 16. Januar 2022 16:00 Uhr Zehdenick Frederic Chopin Ballade g-moll op. 23 Frederic Chopin Walzer As-Dur op. 42 Frederic Chopin Nocturne c-moll (1847) Frederic Chopin Sonate b-moll [&hellip;]<\/p>\n","protected":false},"author":1,"featured_media":0,"parent":45,"menu_order":0,"comment_status":"closed","ping_status":"closed","template":"","meta":{"footnotes":""},"class_list":["post-1942","page","type-page","status-publish","czr-hentry"],"translation":{"provider":"WPGlobus","version":"3.0.1","language":"en","enabled_languages":["de","en"],"languages":{"de":{"title":true,"content":true,"excerpt":false},"en":{"title":false,"content":false,"excerpt":false}}},"_links":{"self":[{"href":"https:\/\/jiyeounyou.de\/en\/wp-json\/wp\/v2\/pages\/1942","targetHints":{"allow":["GET"]}}],"collection":[{"href":"https:\/\/jiyeounyou.de\/en\/wp-json\/wp\/v2\/pages"}],"about":[{"href":"https:\/\/jiyeounyou.de\/en\/wp-json\/wp\/v2\/types\/page"}],"author":[{"embeddable":true,"href":"https:\/\/jiyeounyou.de\/en\/wp-json\/wp\/v2\/users\/1"}],"replies":[{"embeddable":true,"href":"https:\/\/jiyeounyou.de\/en\/wp-json\/wp\/v2\/comments?post=1942"}],"version-history":[{"count":4,"href":"https:\/\/jiyeounyou.de\/en\/wp-json\/wp\/v2\/pages\/1942\/revisions"}],"predecessor-version":[{"id":2007,"href":"https:\/\/jiyeounyou.de\/en\/wp-json\/wp\/v2\/pages\/1942\/revisions\/2007"}],"up":[{"embeddable":true,"href":"https:\/\/jiyeounyou.de\/en\/wp-json\/wp\/v2\/pages\/45"}],"wp:attachment":[{"href":"https:\/\/jiyeounyou.de\/en\/wp-json\/wp\/v2\/media?parent=1942"}],"curies":[{"name":"wp","href":"https:\/\/api.w.org\/{rel}","templated":true}]}}