{"id":1675,"date":"2019-01-05T14:43:29","date_gmt":"2019-01-05T13:43:29","guid":{"rendered":"https:\/\/jiyeounyou.de\/?page_id=1675"},"modified":"2019-01-05T14:53:04","modified_gmt":"2019-01-05T13:53:04","slug":"2018-2","status":"publish","type":"page","link":"https:\/\/jiyeounyou.de\/en\/konzerte\/2018-2\/","title":{"rendered":"2018"},"content":{"rendered":"<div><strong><span style=\"color: #000000;\">05.12.2018<\/span><\/strong><\/div>\n<div><span style=\"color: #000000;\"><a style=\"color: #000000;\" href=\"http:\/\/www.konzertfluegel.com\/N_konzerte.html\" target=\"_blank\" rel=\"noopener\">Salon Christophori<\/a><\/span><\/div>\n<div><span style=\"color: #000000;\">Duo MAISS YOU<\/span><\/div>\n<div><span style=\"color: #000000;\">Burkhard Maiss Violine &amp; Viola<\/span><\/div>\n<div><span style=\"color: #000000;\">Ji-Yeoun You Klavier<\/span><\/div>\n<div><span style=\"color: #000000;\">Beethoven Fr\u00fchlingssonate<\/span><\/div>\n<div><span style=\"color: #000000;\">Schumann Sonate d-moll op. 121<\/span><\/div>\n<div><span style=\"color: #000000;\">Schumann M\u00e4rchenbilder<\/span><\/div>\n<div><span style=\"color: #000000;\">Brahms Sonate f-moll op.120-1<\/span><\/div>\n<div><\/div>\n<hr \/>\n<div class=\"clear\"><span style=\"color: #000000;\"><strong>30.09.2018<\/strong><\/span><\/div>\n<div><span style=\"color: #000000;\"><a style=\"color: #000000;\" href=\"http:\/\/www.schlosskirche-erxleben.de\/30-september-2018-maerchenbilder\/\" target=\"_blank\" rel=\"noopener\">Konzertsommer Schlosskirche Erxleben &#8220;M\u00e4rchenbilder&#8221;<\/a><\/span><\/div>\n<div><span style=\"color: #000000;\">Duo MAISS YOU<\/span><\/div>\n<div><span style=\"color: #000000;\">Burkhard Maiss Violine &amp; Viola<\/span><\/div>\n<div><span style=\"color: #000000;\">Ji-Yeoun You Klavier<\/span><\/div>\n<div><span style=\"color: #000000;\">Beethoven Sonate F-Dur op.24 Fr\u00fchlingssonate<\/span><\/div>\n<div><span style=\"color: #000000;\">Schumann M\u00e4rchenbilder<\/span><\/div>\n<div><span style=\"color: #000000;\">Schumann Romanzen op.94<\/span><\/div>\n<div><span style=\"color: #000000;\">Brahms Sonate op.120 Nr.1<\/span><\/div>\n<div><\/div>\n<hr \/>\n<div class=\"clear\"><span style=\"color: #000000;\"><strong>30.08.2018<\/strong><\/span><\/div>\n<div><span style=\"color: #000000;\"><a style=\"color: #000000;\" href=\"http:\/\/www.kirche-benz.de\/Kirchensommer.8.0.html\" target=\"_blank\" rel=\"noopener\">Kirche Benz, Usedom<\/a><\/span><\/div>\n<div><span style=\"color: #000000;\">Mendelssohn Lieder ohne Worte op.18 &amp; op.53<\/span><\/div>\n<div><span style=\"color: #000000;\">Liszt Sonate h-moll<\/span><\/div>\n<div><\/div>\n<hr \/>\n<div class=\"clear\"><span style=\"color: #000000;\"><strong>27.05.2018<\/strong><\/span><\/div>\n<div><span style=\"color: #000000;\"><a style=\"color: #000000;\" href=\"http:\/\/www.schlosskirche-erxleben.de\/konzertsommer-27-mai-2018-lyrik-und-epik\/\" target=\"_blank\" rel=\"noopener\">Konzertsommer Schlosskirche Erxleben<\/a><\/span><\/div>\n<div><span style=\"color: #000000;\">Mendelssohn Lieder ohne Worte op.19 &amp; op.53<\/span><\/div>\n<div><span style=\"color: #000000;\">Liszt Sonate h-moll<\/span><\/div>\n<div><\/div>\n<hr \/>\n<p><span style=\"color: #000000;\"><strong>10.05.2018<\/strong><\/span><br \/>\n<span style=\"color: #000000;\"><a style=\"color: #000000;\" href=\"http:\/\/www.schloss-schmarsow.de\/2017\/12\/04\/klavierabend-auf-schloss-schmarsow\/\" target=\"_blank\" rel=\"noopener\">Schloss Schmarsow<\/a><\/span><br \/>\n<span style=\"color: #000000;\">Bach-Busoni Chaconne<\/span><br \/>\n<span style=\"color: #000000;\">Liszt Sonate h-moll<\/span><br \/>\n<span style=\"color: #000000;\">Beethoven Sonate c-moll op.111<\/span><br \/>\n<span style=\"color: #000000;\">Ji-Yeoun You\/ Klavier<\/span><\/p>\n<hr \/>\n<p><span style=\"color: #000000;\"><strong>05.05.2018<\/strong><\/span><br \/>\n<span style=\"color: #000000;\"><a style=\"color: #000000;\" href=\"https:\/\/www.hasselburg.de\/veranstaltungen\/ji-yeoun-you\/\" target=\"_blank\" rel=\"noopener\">Schloss Hasselburg<\/a><\/span><br \/>\n<span style=\"color: #000000;\">Bach-Busoni Chaconne<\/span><br \/>\n<span style=\"color: #000000;\">Liszt Sonate h-moll<\/span><br \/>\n<span style=\"color: #000000;\">Beethoven Sonate c-moll op.111<\/span><br \/>\n<span style=\"color: #000000;\">Ji-Yeoun You\/ Klavier<\/span><\/p>\n<hr \/>\n<p><span style=\"color: #000000;\"><strong>11.02.2018<\/strong><\/span><br \/>\n<span style=\"color: #000000;\"><a style=\"color: #000000;\" href=\"https:\/\/kgs-schwerte.de\/2017\/11\/14\/sternstunde-i\/\" target=\"_blank\" rel=\"noopener\">Konzertgesellschaft Schwerte<\/a><\/span><br \/>\n<span style=\"color: #000000;\">Ji-Yeoun You\/ Klavier<\/span><\/p>\n<hr \/>\n","protected":false},"excerpt":{"rendered":"<p>05.12.2018 Salon Christophori Duo MAISS YOU Burkhard Maiss Violine &amp; Viola Ji-Yeoun You Klavier Beethoven Fr\u00fchlingssonate Schumann Sonate d-moll op. 121 Schumann M\u00e4rchenbilder Brahms Sonate f-moll op.120-1 30.09.2018 Konzertsommer Schlosskirche Erxleben &#8220;M\u00e4rchenbilder&#8221; Duo MAISS YOU Burkhard Maiss Violine &amp; Viola Ji-Yeoun You Klavier Beethoven Sonate F-Dur op.24 Fr\u00fchlingssonate Schumann M\u00e4rchenbilder Schumann Romanzen op.94 Brahms Sonate [&hellip;]<\/p>\n","protected":false},"author":1,"featured_media":0,"parent":45,"menu_order":0,"comment_status":"closed","ping_status":"closed","template":"","meta":{"footnotes":""},"class_list":["post-1675","page","type-page","status-publish","czr-hentry"],"translation":{"provider":"WPGlobus","version":"3.0.1","language":"en","enabled_languages":["de","en"],"languages":{"de":{"title":true,"content":true,"excerpt":false},"en":{"title":false,"content":false,"excerpt":false}}},"_links":{"self":[{"href":"https:\/\/jiyeounyou.de\/en\/wp-json\/wp\/v2\/pages\/1675","targetHints":{"allow":["GET"]}}],"collection":[{"href":"https:\/\/jiyeounyou.de\/en\/wp-json\/wp\/v2\/pages"}],"about":[{"href":"https:\/\/jiyeounyou.de\/en\/wp-json\/wp\/v2\/types\/page"}],"author":[{"embeddable":true,"href":"https:\/\/jiyeounyou.de\/en\/wp-json\/wp\/v2\/users\/1"}],"replies":[{"embeddable":true,"href":"https:\/\/jiyeounyou.de\/en\/wp-json\/wp\/v2\/comments?post=1675"}],"version-history":[{"count":5,"href":"https:\/\/jiyeounyou.de\/en\/wp-json\/wp\/v2\/pages\/1675\/revisions"}],"predecessor-version":[{"id":1790,"href":"https:\/\/jiyeounyou.de\/en\/wp-json\/wp\/v2\/pages\/1675\/revisions\/1790"}],"up":[{"embeddable":true,"href":"https:\/\/jiyeounyou.de\/en\/wp-json\/wp\/v2\/pages\/45"}],"wp:attachment":[{"href":"https:\/\/jiyeounyou.de\/en\/wp-json\/wp\/v2\/media?parent=1675"}],"curies":[{"name":"wp","href":"https:\/\/api.w.org\/{rel}","templated":true}]}}