{"id":1550,"date":"2018-01-04T16:32:37","date_gmt":"2018-01-04T15:32:37","guid":{"rendered":"https:\/\/jiyeounyou.de\/?page_id=1550"},"modified":"2018-01-04T17:08:54","modified_gmt":"2018-01-04T16:08:54","slug":"2017-3","status":"publish","type":"page","link":"https:\/\/jiyeounyou.de\/en\/konzerte\/2017-3\/","title":{"rendered":"2017"},"content":{"rendered":"<p><strong>17-11-2017 <\/strong><br \/>\n<a href=\"https:\/\/www.duesseldorf.de\/index.php?id=700000480&amp;L=1\" target=\"_blank\" rel=\"noopener\">Udo-van-Meeteren-Saal Musikschulzentrale D\u00fcsseldorf<\/a><br \/>\nDuoabend<br \/>\nBurkhard Mai\u00df\/ Violine und Viola<br \/>\nJi-Yeoun You\/ Klavier<\/p>\n<hr \/>\n<p><span style=\"color: #000000;\"><strong>12-11-2017<\/strong><\/span><br \/>\n<span style=\"color: #000000;\"> Palais Lichtenau Potsdam<\/span><br \/>\n<span style=\"color: #000000;\"> Duoabend<\/span><br \/>\n<span style=\"color: #000000;\"> Burkhard Mai\u00df\/ Violine und Viola<\/span><br \/>\n<span style=\"color: #000000;\"> Ji-Yeoun You\/ Klavier<\/span><\/p>\n<hr \/>\n<p><span style=\"color: #000000;\"><strong>30-06-2017<\/strong><\/span><br \/>\n<span style=\"color: #000000;\"> Bremen Sendesaal<\/span><br \/>\n<span style=\"color: #000000;\"> <a style=\"color: #000000;\" href=\"https:\/\/www.sendesaal-bremen.de\/index.php?id=3\" target=\"_blank\" rel=\"noopener noreferrer\"><strong>Release-Konzert<\/strong><\/a><\/span><br \/>\n<span style=\"color: #000000;\"> Franz Schubert Moments Musicaux D. 780<\/span><br \/>\n<span style=\"color: #000000;\"> B\u00e9la Bart\u00f3k Sonate<\/span><br \/>\n<span style=\"color: #000000;\"> Isang Yun F\u00fcnf St\u00fccke f\u00fcr Klavier (1958)<\/span><br \/>\n<span style=\"color: #000000;\"> Ludwig van Beethoven Sonate Op.53 &#8220;Waldstein-Sonate&#8221;<\/span><\/p>\n<hr \/>\n<div class=\"clear\"><\/div>\n<p><span style=\"color: #000000;\"><strong>20-05-2017<\/strong><\/span><br \/>\n<span style=\"color: #000000;\"> Kirche Zur Heimat Berlin<\/span><br \/>\n<span style=\"color: #000000;\"> <a style=\"color: #000000;\" href=\"http:\/\/www.heimatgemeinde.de\/pages\/info\/aktuelles.php?aktuelles_id=8\" target=\"_blank\" rel=\"noopener noreferrer\"><strong>Lieder der Romantik<\/strong><\/a><\/span><br \/>\n<span style=\"color: #000000;\"> Brahms Liebeslieder-Walzer<\/span><br \/>\n<span style=\"color: #000000;\"> Konzert mit dem Zehlendorfer Kammerchor<\/span><\/p>\n<hr \/>\n<div class=\"clear\"><\/div>\n<p><span style=\"color: #000000;\"><strong>12-05-2017<\/strong><\/span><br \/>\n<span style=\"color: #000000;\"> Kulturverein Burgst\u00e4dt<\/span><br \/>\n<span style=\"color: #000000;\"> <a style=\"color: #000000;\" href=\"http:\/\/www.kvbcd.de\" target=\"_blank\" rel=\"noopener noreferrer\"><strong>Konzertprogramm<\/strong><\/a><\/span><br \/>\n<span style=\"color: #000000;\"> Maurice Ravel Gaspard de la Nuit<\/span><br \/>\n<span style=\"color: #000000;\"> B\u00e9la Bart\u00f3k Sonate &amp;<\/span><br \/>\n<span style=\"color: #000000;\"> Ludwig van Beethoven Sonate Op.111<\/span><\/p>\n<hr \/>\n<div class=\"clear\"><\/div>\n<p><span style=\"color: #000000;\"><strong>12-03-2017<\/strong><\/span><br \/>\n<span style=\"color: #000000;\"> Spiegelsaal in Cl\u00e4rchens Ballhaus, Berlin<\/span><br \/>\n<span style=\"color: #000000;\"> <a style=\"color: #000000;\" href=\"http:\/\/www.sonntagskonzerte.de\/vorschau.html\" target=\"_blank\" rel=\"noopener noreferrer\"><strong>Klavierabend &#8220;Kontraste&#8221;<\/strong><\/a><\/span><br \/>\n<span style=\"color: #000000;\"> Franz Schubert Moments Musicaux<\/span><br \/>\n<span style=\"color: #000000;\"> Ludwig van Beethoven &#8220;Walstein-Sonate&#8221;<\/span><br \/>\n<span style=\"color: #000000;\"> B\u00e9la Bart\u00f3k Sonate &amp;<\/span><br \/>\n<span style=\"color: #000000;\"> Isang Yun anl\u00e4sslich seines 100. Geburtstages dieses Jahr<\/span><\/p>\n<hr \/>\n<div class=\"clear\"><\/div>\n","protected":false},"excerpt":{"rendered":"<p>17-11-2017 Udo-van-Meeteren-Saal Musikschulzentrale D\u00fcsseldorf Duoabend Burkhard Mai\u00df\/ Violine und Viola Ji-Yeoun You\/ Klavier 12-11-2017 Palais Lichtenau Potsdam Duoabend Burkhard Mai\u00df\/ Violine und Viola Ji-Yeoun You\/ Klavier 30-06-2017 Bremen Sendesaal Release-Konzert Franz Schubert Moments Musicaux D. 780 B\u00e9la Bart\u00f3k Sonate Isang Yun F\u00fcnf St\u00fccke f\u00fcr Klavier (1958) Ludwig van Beethoven Sonate Op.53 &#8220;Waldstein-Sonate&#8221; 20-05-2017 Kirche Zur [&hellip;]<\/p>\n","protected":false},"author":1,"featured_media":0,"parent":45,"menu_order":0,"comment_status":"closed","ping_status":"closed","template":"","meta":{"footnotes":""},"class_list":["post-1550","page","type-page","status-publish","czr-hentry"],"translation":{"provider":"WPGlobus","version":"3.0.1","language":"en","enabled_languages":["de","en"],"languages":{"de":{"title":true,"content":true,"excerpt":false},"en":{"title":true,"content":true,"excerpt":false}}},"_links":{"self":[{"href":"https:\/\/jiyeounyou.de\/en\/wp-json\/wp\/v2\/pages\/1550","targetHints":{"allow":["GET"]}}],"collection":[{"href":"https:\/\/jiyeounyou.de\/en\/wp-json\/wp\/v2\/pages"}],"about":[{"href":"https:\/\/jiyeounyou.de\/en\/wp-json\/wp\/v2\/types\/page"}],"author":[{"embeddable":true,"href":"https:\/\/jiyeounyou.de\/en\/wp-json\/wp\/v2\/users\/1"}],"replies":[{"embeddable":true,"href":"https:\/\/jiyeounyou.de\/en\/wp-json\/wp\/v2\/comments?post=1550"}],"version-history":[{"count":7,"href":"https:\/\/jiyeounyou.de\/en\/wp-json\/wp\/v2\/pages\/1550\/revisions"}],"predecessor-version":[{"id":1678,"href":"https:\/\/jiyeounyou.de\/en\/wp-json\/wp\/v2\/pages\/1550\/revisions\/1678"}],"up":[{"embeddable":true,"href":"https:\/\/jiyeounyou.de\/en\/wp-json\/wp\/v2\/pages\/45"}],"wp:attachment":[{"href":"https:\/\/jiyeounyou.de\/en\/wp-json\/wp\/v2\/media?parent=1550"}],"curies":[{"name":"wp","href":"https:\/\/api.w.org\/{rel}","templated":true}]}}